{"id":2,"date":"2024-03-14T18:17:49","date_gmt":"2024-03-14T17:17:49","guid":{"rendered":"http:\/\/uslugi-pogrzebowe.rzeszow.pl\/?page_id=2"},"modified":"2024-03-16T10:25:48","modified_gmt":"2024-03-16T09:25:48","slug":"przykladowa-strona","status":"publish","type":"page","link":"https:\/\/uslugi-pogrzebowe.rzeszow.pl\/","title":{"rendered":"NAJTA\u0143SZY ZAK\u0141AD KAMIENIARSKO &#8211; POGRZEBOWY W REGIONIE !!!"},"content":{"rendered":"\n<h3 class=\"wp-block-heading\">Uwaga! Najbli\u017csi zmar\u0142ego maj\u0105 pe\u0142ne prawo wyboru zak\u0142adu pogrzebowego, kt\u00f3rego oferta najbardziej im odpowiada,<\/h3>\n\n\n\n<p>Je\u015bli znale\u017ali si\u0119 Pa\u0144stwo na naszej stronie internetowej z powodu utraty bliskiej osoby, prosz\u0119 przyj\u0105\u0107 nasze kondolencje. To trudny moment w Pa\u0144stwa \u017cyciu. Jedyne, co mo\u017cemy zrobi\u0107, to okaza\u0107 pe\u0142en szacunek Zmar\u0142ej Osobie i zapewni\u0107 Jej godny pogrzeb. Taki, kt\u00f3ry pi\u0119knie uwie\u0144czy jej \u017cycie.<\/p>\n\n\n\n<p>S\u0105 tacy ludzie, kt\u00f3rzy byli Ci tak drodzy, \u017ce chcesz, by pami\u0119\u0107 o nich przetrwa\u0142a na d\u0142ugie lata. Nagrobki czy te\u017c pomnik to co\u015b wi\u0119cej ni\u017c kamie\u0144 \u2013 to symbol pami\u0119ci o bliskich osobach. Rozumiemy doskonale, jakie to dla Ciebie wa\u017cne \u2013 i jeste\u015bmy tu w\u0142a\u015bnie po to, by Ci w tym pom\u00f3c.<\/p>\n\n\n\n<p>Po zam\u00f3wieniu us\u0142ug pogrzebowych zak\u0142ad oferuje naszym klientom atrakcyjne zni\u017cki na wykonanie nagrobka i wszystkie prace zwi\u0105zane z monta\u017cem pomnika.<\/p>\n\n\n<div class=\"wp-block-image\">\n<figure class=\"aligncenter size-medium\"><img loading=\"lazy\" decoding=\"async\" width=\"300\" height=\"225\" src=\"http:\/\/uslugi-pogrzebowe.rzeszow.pl\/wp-content\/uploads\/2024\/03\/znicz-300x225.gif\" alt=\"\" class=\"wp-image-946\" srcset=\"https:\/\/uslugi-pogrzebowe.rzeszow.pl\/wp-content\/uploads\/2024\/03\/znicz-300x225.gif 300w, https:\/\/uslugi-pogrzebowe.rzeszow.pl\/wp-content\/uploads\/2024\/03\/znicz-768x576.gif 768w\" sizes=\"auto, (max-width: 300px) 100vw, 300px\" \/><\/figure>\n<\/div>","protected":false},"excerpt":{"rendered":"<p>Uwaga! Najbli\u017csi zmar\u0142ego maj\u0105 pe\u0142ne prawo wyboru zak\u0142adu pogrzebowego, kt\u00f3rego oferta najbardziej im odpowiada, Je\u015bli znale\u017ali si\u0119 Pa\u0144stwo na naszej stronie internetowej z powodu utraty bliskiej osoby, prosz\u0119 przyj\u0105\u0107 nasze kondolencje. To trudny moment w Pa\u0144stwa \u017cyciu. Jedyne, co mo\u017cemy zrobi\u0107, to okaza\u0107 pe\u0142en szacunek Zmar\u0142ej Osobie i zapewni\u0107 Jej godny pogrzeb. Taki, kt\u00f3ry pi\u0119knie uwie\u0144czy jej \u017cycie. S\u0105 tacy ludzie, kt\u00f3rzy byli Ci tak drodzy, \u017ce chcesz, by pami\u0119\u0107 o nich przetrwa\u0142a na d\u0142ugie lata. Nagrobki czy te\u017c pomnik to co\u015b wi\u0119cej ni\u017c kamie\u0144 \u2013 to symbol pami\u0119ci o bliskich osobach. Rozumiemy doskonale, jakie to dla Ciebie wa\u017cne \u2013 i jeste\u015bmy tu w\u0142a\u015bnie po to, by Ci w tym pom\u00f3c. Po zam\u00f3wieniu us\u0142ug pogrzebowych zak\u0142ad oferuje naszym klientom atrakcyjne zni\u017cki na wykonanie nagrobka i wszystkie prace zwi\u0105zane z monta\u017cem pomnika.<\/p>\n","protected":false},"author":1,"featured_media":0,"parent":0,"menu_order":0,"comment_status":"closed","ping_status":"open","template":"","meta":{"footnotes":""},"class_list":["post-2","page","type-page","status-publish","hentry"],"_links":{"self":[{"href":"https:\/\/uslugi-pogrzebowe.rzeszow.pl\/index.php?rest_route=\/wp\/v2\/pages\/2","targetHints":{"allow":["GET"]}}],"collection":[{"href":"https:\/\/uslugi-pogrzebowe.rzeszow.pl\/index.php?rest_route=\/wp\/v2\/pages"}],"about":[{"href":"https:\/\/uslugi-pogrzebowe.rzeszow.pl\/index.php?rest_route=\/wp\/v2\/types\/page"}],"author":[{"embeddable":true,"href":"https:\/\/uslugi-pogrzebowe.rzeszow.pl\/index.php?rest_route=\/wp\/v2\/users\/1"}],"replies":[{"embeddable":true,"href":"https:\/\/uslugi-pogrzebowe.rzeszow.pl\/index.php?rest_route=%2Fwp%2Fv2%2Fcomments&post=2"}],"version-history":[{"count":5,"href":"https:\/\/uslugi-pogrzebowe.rzeszow.pl\/index.php?rest_route=\/wp\/v2\/pages\/2\/revisions"}],"predecessor-version":[{"id":1048,"href":"https:\/\/uslugi-pogrzebowe.rzeszow.pl\/index.php?rest_route=\/wp\/v2\/pages\/2\/revisions\/1048"}],"wp:attachment":[{"href":"https:\/\/uslugi-pogrzebowe.rzeszow.pl\/index.php?rest_route=%2Fwp%2Fv2%2Fmedia&parent=2"}],"curies":[{"name":"wp","href":"https:\/\/api.w.org\/{rel}","templated":true}]}}