{"id":925,"date":"2024-01-03T16:56:20","date_gmt":"2024-01-03T16:56:20","guid":{"rendered":"http:\/\/uslugi-pogrzebowe.rzeszow.pl\/?page_id=925"},"modified":"2024-03-14T20:02:56","modified_gmt":"2024-03-14T19:02:56","slug":"contact-1","status":"publish","type":"page","link":"https:\/\/uslugi-pogrzebowe.rzeszow.pl\/?page_id=925","title":{"rendered":""},"content":{"rendered":"\n<p class=\"has-text-align-center\"><strong>NAJTA\u0143SZY ZAK\u0141AD KAMIENIARSKO &#8211; POGRZEBOWY W REGIONIE !!!<\/strong><\/p>\n\n\n\n<p class=\"has-text-align-center\">ZAK\u0141AD KAMIENIARSKO &#8211; POGRZEBOWY<\/p>\n\n\n\n<p class=\"has-text-align-center\">39 &#8211; 124 Nockowa 186a<\/p>\n\n\n\n<p class=\"has-text-align-center\">tel: 695 164 727<\/p>\n\n\n\n<hr class=\"wp-block-separator has-alpha-channel-opacity\"\/>\n\n\n\n<p class=\"has-text-align-center\">Wsp\u00f3\u0142rz\u0119dne na mapie &#8211; 50.024505, 21.806234<\/p>\n\n\n\n<center><iframe src=\"https:\/\/www.google.com\/maps\/embed?pb=!1m14!1m8!1m3!1d10253.174851099728!2d21.8054565!3d50.024592!3m2!1i1024!2i768!4f13.1!3m3!1m2!1s0x473cfe06e0d08a95%3A0x8ceeb3a841d43d84!2sZak%C5%82ad%20Kamieniarsko%20-%20Pogrzebowy!5e0!3m2!1spl!2spl!4v1710442943874!5m2!1spl!2spl\" width=\"600\" height=\"450\" style=\"border:0;\" allowfullscreen=\"\" loading=\"lazy\" referrerpolicy=\"no-referrer-when-downgrade\"><\/iframe><\/center>\n","protected":false},"excerpt":{"rendered":"<p>NAJTA\u0143SZY ZAK\u0141AD KAMIENIARSKO &#8211; POGRZEBOWY W REGIONIE !!! ZAK\u0141AD KAMIENIARSKO &#8211; POGRZEBOWY 39 &#8211; 124 Nockowa 186a tel: 695 164 727 Wsp\u00f3\u0142rz\u0119dne na mapie &#8211; 50.024505, 21.806234<\/p>\n","protected":false},"author":2,"featured_media":0,"parent":0,"menu_order":0,"comment_status":"closed","ping_status":"closed","template":"","meta":{"footnotes":""},"class_list":["post-925","page","type-page","status-publish","hentry"],"_links":{"self":[{"href":"https:\/\/uslugi-pogrzebowe.rzeszow.pl\/index.php?rest_route=\/wp\/v2\/pages\/925","targetHints":{"allow":["GET"]}}],"collection":[{"href":"https:\/\/uslugi-pogrzebowe.rzeszow.pl\/index.php?rest_route=\/wp\/v2\/pages"}],"about":[{"href":"https:\/\/uslugi-pogrzebowe.rzeszow.pl\/index.php?rest_route=\/wp\/v2\/types\/page"}],"author":[{"embeddable":true,"href":"https:\/\/uslugi-pogrzebowe.rzeszow.pl\/index.php?rest_route=\/wp\/v2\/users\/2"}],"replies":[{"embeddable":true,"href":"https:\/\/uslugi-pogrzebowe.rzeszow.pl\/index.php?rest_route=%2Fwp%2Fv2%2Fcomments&post=925"}],"version-history":[{"count":4,"href":"https:\/\/uslugi-pogrzebowe.rzeszow.pl\/index.php?rest_route=\/wp\/v2\/pages\/925\/revisions"}],"predecessor-version":[{"id":932,"href":"https:\/\/uslugi-pogrzebowe.rzeszow.pl\/index.php?rest_route=\/wp\/v2\/pages\/925\/revisions\/932"}],"wp:attachment":[{"href":"https:\/\/uslugi-pogrzebowe.rzeszow.pl\/index.php?rest_route=%2Fwp%2Fv2%2Fmedia&parent=925"}],"curies":[{"name":"wp","href":"https:\/\/api.w.org\/{rel}","templated":true}]}}