{"id":953,"date":"2024-03-15T00:37:07","date_gmt":"2024-03-14T23:37:07","guid":{"rendered":"http:\/\/uslugi-pogrzebowe.rzeszow.pl\/?page_id=953"},"modified":"2024-03-15T14:32:45","modified_gmt":"2024-03-15T13:32:45","slug":"uslugi-kamieniarskie","status":"publish","type":"page","link":"https:\/\/uslugi-pogrzebowe.rzeszow.pl\/?page_id=953","title":{"rendered":"Us\u0142ugi kamieniarskie"},"content":{"rendered":"\n<p>\u015awiadczymy us\u0142ugi kamieniarskie zwiazane z produkcj\u0105 nagrobk\u00f3w, grobowc\u00f3w, tablic granitowych i innych element\u00f3w.<\/p>\n\n\n\n<p>Zakres us\u0142ug oraz calkowity koszt ustalany jest przed rozpocz\u0119ciem prac.<\/p>\n\n\n\n<p>Ka\u017cdy Klient jest traktowany indywidualnie.<\/p>\n\n\n\n<p>Staramy si\u0119 sprosta\u0107 nawet najbardziej wymagaj\u0105cym Klientom.<\/p>\n\n\n\n<p>Realizujemy zam\u00f3wienia specjalne na \u017cyczenie naszych klient\u00f3w.<\/p>\n\n\n\n<p>W ofercie posiadamy produkty wytworzone z kamienia naturalnego takiego jak granity i marmury z ca\u0142ego \u015bwiata.<\/p>\n\n\n\n<p>S\u0142u\u017cymy fachow\u0105 rad\u0105.<\/p>\n\n\n\n<p>Wykonujemy us\u0142ugi kamieniarskie na terenie cmentarza w Nockowej, Zg\u0142obniu, Woli Zg\u0142obie\u0144skiej, a tak\u017ce w innych lokalizacjach.<\/p>\n\n\n\n<div class=\"wp-block-media-text is-stacked-on-mobile\"><figure class=\"wp-block-media-text__media\"><img loading=\"lazy\" decoding=\"async\" width=\"300\" height=\"243\" src=\"http:\/\/uslugi-pogrzebowe.rzeszow.pl\/wp-content\/uploads\/2024\/03\/nagrobek5-300x243.jpg\" alt=\"\" class=\"wp-image-954 size-full\" srcset=\"https:\/\/uslugi-pogrzebowe.rzeszow.pl\/wp-content\/uploads\/2024\/03\/nagrobek5-300x243.jpg 300w, https:\/\/uslugi-pogrzebowe.rzeszow.pl\/wp-content\/uploads\/2024\/03\/nagrobek5-1024x830.jpg 1024w, https:\/\/uslugi-pogrzebowe.rzeszow.pl\/wp-content\/uploads\/2024\/03\/nagrobek5-768x623.jpg 768w, https:\/\/uslugi-pogrzebowe.rzeszow.pl\/wp-content\/uploads\/2024\/03\/nagrobek5-1536x1246.jpg 1536w, https:\/\/uslugi-pogrzebowe.rzeszow.pl\/wp-content\/uploads\/2024\/03\/nagrobek5-1140x925.jpg 1140w, https:\/\/uslugi-pogrzebowe.rzeszow.pl\/wp-content\/uploads\/2024\/03\/nagrobek5.jpg 1714w\" sizes=\"auto, (max-width: 300px) 100vw, 300px\" \/><\/figure><div class=\"wp-block-media-text__content\">\n<p><strong>WYKONUJEMY:<\/strong><\/p>\n\n\n\n<ul class=\"wp-block-list\">\n<li>nagrobki z granitu:<\/li>\n\n\n\n<li>pojedy\u0144cze<\/li>\n\n\n\n<li>podw\u00f3jne<\/li>\n\n\n\n<li>grobowce<\/li>\n\n\n\n<li>Betonowe sarkofagi (piwnice)<\/li>\n\n\n\n<li>Podnoszenie zapadni\u0119tych nagrobk\u00f3w<\/li>\n\n\n\n<li>Naprawa i wymiana zniszczonych element\u00f3w<\/li>\n\n\n\n<li>Demonta\u017c &#8211; monta\u017c nagrobk\u00f3w przy pogrzebach<\/li>\n\n\n\n<li>Odnawianie napis\u00f3w<\/li>\n\n\n\n<li>Piaskowanie liter<\/li>\n\n\n\n<li>Dopisy po pogrzebach<\/li>\n\n\n\n<li>Nowe tablice: marmur, granit<\/li>\n\n\n\n<li>Uk\u0142adanie kostki brukowej wok\u00f3\u0142 nagrobk\u00f3w<\/li>\n<\/ul>\n<\/div><\/div>\n\n\n\n<p class=\"has-text-align-center\"><strong>Gwarantujemy najni\u017csze ceny w regionie.<\/strong><\/p>\n","protected":false},"excerpt":{"rendered":"<p>\u015awiadczymy us\u0142ugi kamieniarskie zwiazane z produkcj\u0105 nagrobk\u00f3w, grobowc\u00f3w, tablic granitowych i innych element\u00f3w. Zakres us\u0142ug oraz calkowity koszt ustalany jest przed rozpocz\u0119ciem prac. Ka\u017cdy Klient jest traktowany indywidualnie. Staramy si\u0119 sprosta\u0107 nawet najbardziej wymagaj\u0105cym Klientom. Realizujemy zam\u00f3wienia specjalne na \u017cyczenie naszych klient\u00f3w. W ofercie posiadamy produkty wytworzone z kamienia naturalnego takiego jak granity i marmury z ca\u0142ego \u015bwiata. S\u0142u\u017cymy fachow\u0105 rad\u0105. Wykonujemy us\u0142ugi kamieniarskie na terenie cmentarza w Nockowej, Zg\u0142obniu, Woli Zg\u0142obie\u0144skiej, a tak\u017ce w innych lokalizacjach. Gwarantujemy najni\u017csze ceny w regionie.<\/p>\n","protected":false},"author":1,"featured_media":0,"parent":0,"menu_order":0,"comment_status":"closed","ping_status":"closed","template":"","meta":{"footnotes":""},"class_list":["post-953","page","type-page","status-publish","hentry"],"_links":{"self":[{"href":"https:\/\/uslugi-pogrzebowe.rzeszow.pl\/index.php?rest_route=\/wp\/v2\/pages\/953","targetHints":{"allow":["GET"]}}],"collection":[{"href":"https:\/\/uslugi-pogrzebowe.rzeszow.pl\/index.php?rest_route=\/wp\/v2\/pages"}],"about":[{"href":"https:\/\/uslugi-pogrzebowe.rzeszow.pl\/index.php?rest_route=\/wp\/v2\/types\/page"}],"author":[{"embeddable":true,"href":"https:\/\/uslugi-pogrzebowe.rzeszow.pl\/index.php?rest_route=\/wp\/v2\/users\/1"}],"replies":[{"embeddable":true,"href":"https:\/\/uslugi-pogrzebowe.rzeszow.pl\/index.php?rest_route=%2Fwp%2Fv2%2Fcomments&post=953"}],"version-history":[{"count":4,"href":"https:\/\/uslugi-pogrzebowe.rzeszow.pl\/index.php?rest_route=\/wp\/v2\/pages\/953\/revisions"}],"predecessor-version":[{"id":980,"href":"https:\/\/uslugi-pogrzebowe.rzeszow.pl\/index.php?rest_route=\/wp\/v2\/pages\/953\/revisions\/980"}],"wp:attachment":[{"href":"https:\/\/uslugi-pogrzebowe.rzeszow.pl\/index.php?rest_route=%2Fwp%2Fv2%2Fmedia&parent=953"}],"curies":[{"name":"wp","href":"https:\/\/api.w.org\/{rel}","templated":true}]}}